{"id":121,"date":"2019-03-19T15:27:40","date_gmt":"2019-03-19T14:27:40","guid":{"rendered":"https:\/\/demo.cms-werkstatt.eu\/billiard\/?page_id=121"},"modified":"2019-03-25T12:36:56","modified_gmt":"2019-03-25T11:36:56","slug":"speisekarte","status":"publish","type":"page","link":"https:\/\/demo.cms-werkstatt.eu\/billiard\/speisekarte\/","title":{"rendered":"Speisekarte"},"content":{"rendered":"\t\t<div data-elementor-type=\"wp-post\" data-elementor-id=\"121\" class=\"elementor elementor-121\">\n\t\t\t\t\t\t<div class=\"elementor-inner\">\n\t\t\t\t<div class=\"elementor-section-wrap\">\n\t\t\t\t\t\t\t\t\t<section class=\"elementor-section elementor-top-section elementor-element elementor-element-3b69d2ca elementor-section-height-min-height elementor-section-boxed elementor-section-height-default elementor-section-items-middle\" data-id=\"3b69d2ca\" data-element_type=\"section\" data-settings=\"{&quot;background_background&quot;:&quot;classic&quot;}\">\n\t\t\t\t\t\t\t<div class=\"elementor-background-overlay\"><\/div>\n\t\t\t\t\t\t\t<div class=\"elementor-container elementor-column-gap-default\">\n\t\t\t\t\t\t\t<div class=\"elementor-row\">\n\t\t\t\t\t<div class=\"elementor-column elementor-col-100 elementor-top-column elementor-element elementor-element-5e7fc2e1\" data-id=\"5e7fc2e1\" data-element_type=\"column\">\n\t\t\t<div class=\"elementor-column-wrap elementor-element-populated\">\n\t\t\t\t\t\t\t<div class=\"elementor-widget-wrap\">\n\t\t\t\t\t\t<div class=\"elementor-element elementor-element-6888999b elementor-hidden-phone elementor-widget elementor-widget-spacer\" data-id=\"6888999b\" data-element_type=\"widget\" data-widget_type=\"spacer.default\">\n\t\t\t\t<div class=\"elementor-widget-container\">\n\t\t\t\t\t<div class=\"elementor-spacer\">\n\t\t\t<div class=\"elementor-spacer-inner\"><\/div>\n\t\t<\/div>\n\t\t\t\t<\/div>\n\t\t\t\t<\/div>\n\t\t\t\t<div class=\"elementor-element elementor-element-6297b6a0 elementor-widget elementor-widget-heading\" data-id=\"6297b6a0\" data-element_type=\"widget\" data-widget_type=\"heading.default\">\n\t\t\t\t<div class=\"elementor-widget-container\">\n\t\t\t<h1 class=\"elementor-heading-title elementor-size-default\">Speisekarte<\/h1>\t\t<\/div>\n\t\t\t\t<\/div>\n\t\t\t\t\t\t<\/div>\n\t\t\t\t\t<\/div>\n\t\t<\/div>\n\t\t\t\t\t\t\t\t<\/div>\n\t\t\t\t\t<\/div>\n\t\t<\/section>\n\t\t\t\t<section class=\"elementor-section elementor-top-section elementor-element elementor-element-46fb6ea elementor-section-boxed elementor-section-height-default elementor-section-height-default\" data-id=\"46fb6ea\" data-element_type=\"section\" data-settings=\"{&quot;background_background&quot;:&quot;classic&quot;}\">\n\t\t\t\t\t\t<div class=\"elementor-container elementor-column-gap-default\">\n\t\t\t\t\t\t\t<div class=\"elementor-row\">\n\t\t\t\t\t<div class=\"elementor-column elementor-col-66 elementor-top-column elementor-element elementor-element-66e73d2\" data-id=\"66e73d2\" data-element_type=\"column\">\n\t\t\t<div class=\"elementor-column-wrap elementor-element-populated\">\n\t\t\t\t\t\t\t<div class=\"elementor-widget-wrap\">\n\t\t\t\t\t\t<div class=\"elementor-element elementor-element-d7e2f7e elementor-invisible elementor-widget elementor-widget-image\" data-id=\"d7e2f7e\" data-element_type=\"widget\" data-settings=\"{&quot;_animation&quot;:&quot;fadeInLeft&quot;}\" data-widget_type=\"image.default\">\n\t\t\t\t<div class=\"elementor-widget-container\">\n\t\t\t\t\t\t\t\t<div class=\"elementor-image\">\n\t\t\t\t\t\t\t\t\t\t\t\t<img loading=\"lazy\" decoding=\"async\" width=\"1500\" height=\"1346\" src=\"https:\/\/demo.cms-werkstatt.eu\/billiard\/wp-content\/uploads\/sites\/6\/2019\/03\/food-6-min.png\" class=\"attachment-full size-full\" alt=\"\" srcset=\"https:\/\/demo.cms-werkstatt.eu\/billiard\/wp-content\/uploads\/sites\/6\/2019\/03\/food-6-min.png 1500w, https:\/\/demo.cms-werkstatt.eu\/billiard\/wp-content\/uploads\/sites\/6\/2019\/03\/food-6-min-300x269.png 300w, https:\/\/demo.cms-werkstatt.eu\/billiard\/wp-content\/uploads\/sites\/6\/2019\/03\/food-6-min-1024x919.png 1024w\" sizes=\"auto, (max-width: 1500px) 100vw, 1500px\" \/>\t\t\t\t\t\t\t\t\t\t\t\t\t\t<\/div>\n\t\t\t\t\t\t<\/div>\n\t\t\t\t<\/div>\n\t\t\t\t\t\t<\/div>\n\t\t\t\t\t<\/div>\n\t\t<\/div>\n\t\t\t\t<div class=\"elementor-column elementor-col-33 elementor-top-column elementor-element elementor-element-65aa6fa\" data-id=\"65aa6fa\" data-element_type=\"column\">\n\t\t\t<div class=\"elementor-column-wrap elementor-element-populated\">\n\t\t\t\t\t\t\t<div class=\"elementor-widget-wrap\">\n\t\t\t\t\t\t<div class=\"elementor-element elementor-element-55ed9bc elementor-invisible elementor-widget elementor-widget-heading\" data-id=\"55ed9bc\" data-element_type=\"widget\" data-settings=\"{&quot;_animation&quot;:&quot;fadeIn&quot;}\" data-widget_type=\"heading.default\">\n\t\t\t\t<div class=\"elementor-widget-container\">\n\t\t\t<h4 class=\"elementor-heading-title elementor-size-default\">Snacks<\/h4>\t\t<\/div>\n\t\t\t\t<\/div>\n\t\t\t\t<div class=\"elementor-element elementor-element-0125ec6 elementor-invisible elementor-widget elementor-widget-heading\" data-id=\"0125ec6\" data-element_type=\"widget\" data-settings=\"{&quot;_animation&quot;:&quot;fadeIn&quot;}\" data-widget_type=\"heading.default\">\n\t\t\t\t<div class=\"elementor-widget-container\">\n\t\t\t<h4 class=\"elementor-heading-title elementor-size-default\">F\u00fcr den kleinen Hunger zwischendurch bieten wir eine kleine aber besonders leckere Auswahl.<\/h4>\t\t<\/div>\n\t\t\t\t<\/div>\n\t\t\t\t<div class=\"elementor-element elementor-element-086ac8b elementor-invisible elementor-widget elementor-widget-price-list\" data-id=\"086ac8b\" data-element_type=\"widget\" data-settings=\"{&quot;_animation&quot;:&quot;fadeIn&quot;}\" data-widget_type=\"price-list.default\">\n\t\t\t\t<div class=\"elementor-widget-container\">\n\t\t\t\n\t\t<ul class=\"elementor-price-list\">\n\n\t\t\t\t\t\t\t\t\t<li><a class=\"elementor-price-list-item\" href=\"#\">\t\t\t\t\t\t\t\t\t<div class=\"elementor-price-list-image\">\n\t\t\t\t\t<img decoding=\"async\" src=\"https:\/\/demo.cms-werkstatt.eu\/billiard\/wp-content\/uploads\/sites\/6\/elementor\/thumbs\/food-8-min-pv3crhrpgheo4ximj1kye5wagvzm8a5spl8w1ouvj4.png\" alt=\"Sandwich\" \/>\t\t\t\t<\/div>\n\t\t\t\t\n\t\t\t\t<div class=\"elementor-price-list-text\">\n\t\t\t\t\t\t\t\t\t<div class=\"elementor-price-list-header\">\n\t\t\t\t\t\t\t\t\t\t\t<span class=\"elementor-price-list-title\">\n\t\t\t\t\t\t\tSandwich\t\t\t\t\t\t<\/span>\n\t\t\t\t\t\t\t\t\t\t\t\t\t\t\t\t\t\t<span class=\"elementor-price-list-separator\"><\/span>\n\t\t\t\t\t\t\t\t\t\t\t\t\t\t\t\t\t\t\t<span class=\"elementor-price-list-price\">$6<\/span>\n\t\t\t\t\t\t\t\t\t\t<\/div>\n\t\t\t\t\t\t\t\t\t\t\t\t\t\t\t<p class=\"elementor-price-list-description\">\n\t\t\t\t\t\t\tLorem ipsum dolor sit amet, vim no nobis comprehensam.\t\t\t\t\t\t<\/p>\n\t\t\t\t\t\t\t\t<\/div>\n\t\t\t\t<\/a><\/li>\t\t\t\t\t\t\t\t\t\t\t\t<li><a class=\"elementor-price-list-item\" href=\"#\">\t\t\t\t\t\t\t\t\t<div class=\"elementor-price-list-image\">\n\t\t\t\t\t<img decoding=\"async\" src=\"https:\/\/demo.cms-werkstatt.eu\/billiard\/wp-content\/uploads\/sites\/6\/elementor\/thumbs\/stephanie-mccabe-92136-unsplash-min-pv3crhrpgheo4ximj1kye5wagvzm8a5spl8w1ouvj4.jpg\" alt=\"Pommes\" \/>\t\t\t\t<\/div>\n\t\t\t\t\n\t\t\t\t<div class=\"elementor-price-list-text\">\n\t\t\t\t\t\t\t\t\t<div class=\"elementor-price-list-header\">\n\t\t\t\t\t\t\t\t\t\t\t<span class=\"elementor-price-list-title\">\n\t\t\t\t\t\t\tPommes\t\t\t\t\t\t<\/span>\n\t\t\t\t\t\t\t\t\t\t\t\t\t\t\t\t\t\t<span class=\"elementor-price-list-separator\"><\/span>\n\t\t\t\t\t\t\t\t\t\t\t\t\t\t\t\t\t\t\t<span class=\"elementor-price-list-price\">$6<\/span>\n\t\t\t\t\t\t\t\t\t\t<\/div>\n\t\t\t\t\t\t\t\t\t\t\t\t\t\t\t<p class=\"elementor-price-list-description\">\n\t\t\t\t\t\t\tLorem ipsum dolor sit amet, vim no nobis comprehensam.\t\t\t\t\t\t<\/p>\n\t\t\t\t\t\t\t\t<\/div>\n\t\t\t\t<\/a><\/li>\t\t\t\t\t\t\t\t\t\t\t\t<li><a class=\"elementor-price-list-item\" href=\"#\">\t\t\t\t\t\t\t\t\t<div class=\"elementor-price-list-image\">\n\t\t\t\t\t<img decoding=\"async\" src=\"https:\/\/demo.cms-werkstatt.eu\/billiard\/wp-content\/uploads\/sites\/6\/elementor\/thumbs\/food-6-min-pv3crhrpgheo4ximj1kye5wagvzm8a5spl8w1ouvj4.png\" alt=\"Hotdogs\" \/>\t\t\t\t<\/div>\n\t\t\t\t\n\t\t\t\t<div class=\"elementor-price-list-text\">\n\t\t\t\t\t\t\t\t\t<div class=\"elementor-price-list-header\">\n\t\t\t\t\t\t\t\t\t\t\t<span class=\"elementor-price-list-title\">\n\t\t\t\t\t\t\tHotdogs\t\t\t\t\t\t<\/span>\n\t\t\t\t\t\t\t\t\t\t\t\t\t\t\t\t\t\t<span class=\"elementor-price-list-separator\"><\/span>\n\t\t\t\t\t\t\t\t\t\t\t\t\t\t\t\t\t\t\t<span class=\"elementor-price-list-price\">$6<\/span>\n\t\t\t\t\t\t\t\t\t\t<\/div>\n\t\t\t\t\t\t\t\t\t\t\t\t\t\t\t<p class=\"elementor-price-list-description\">\n\t\t\t\t\t\t\tLorem ipsum dolor sit amet, vim no nobis comprehensam.\t\t\t\t\t\t<\/p>\n\t\t\t\t\t\t\t\t<\/div>\n\t\t\t\t<\/a><\/li>\t\t\t\t\t\n\t\t<\/ul>\n\n\t\t\t\t<\/div>\n\t\t\t\t<\/div>\n\t\t\t\t\t\t<\/div>\n\t\t\t\t\t<\/div>\n\t\t<\/div>\n\t\t\t\t\t\t\t\t<\/div>\n\t\t\t\t\t<\/div>\n\t\t<\/section>\n\t\t\t\t<section class=\"elementor-section elementor-top-section elementor-element elementor-element-58ac8e9 elementor-section-height-min-height elementor-reverse-tablet elementor-reverse-mobile elementor-section-boxed elementor-section-height-default elementor-section-items-middle\" data-id=\"58ac8e9\" data-element_type=\"section\" data-settings=\"{&quot;background_background&quot;:&quot;classic&quot;}\">\n\t\t\t\t\t\t\t<div class=\"elementor-background-overlay\"><\/div>\n\t\t\t\t\t\t\t<div class=\"elementor-container elementor-column-gap-default\">\n\t\t\t\t\t\t\t<div class=\"elementor-row\">\n\t\t\t\t\t<div class=\"elementor-column elementor-col-50 elementor-top-column elementor-element elementor-element-3508c6e\" data-id=\"3508c6e\" data-element_type=\"column\">\n\t\t\t<div class=\"elementor-column-wrap elementor-element-populated\">\n\t\t\t\t\t\t\t<div class=\"elementor-widget-wrap\">\n\t\t\t\t\t\t<div class=\"elementor-element elementor-element-099c7ba elementor-invisible elementor-widget elementor-widget-heading\" data-id=\"099c7ba\" data-element_type=\"widget\" data-settings=\"{&quot;_animation&quot;:&quot;fadeIn&quot;}\" data-widget_type=\"heading.default\">\n\t\t\t\t<div class=\"elementor-widget-container\">\n\t\t\t<h4 class=\"elementor-heading-title elementor-size-default\">Getr\u00e4nke<\/h4>\t\t<\/div>\n\t\t\t\t<\/div>\n\t\t\t\t<div class=\"elementor-element elementor-element-0be9a45 elementor-invisible elementor-widget elementor-widget-heading\" data-id=\"0be9a45\" data-element_type=\"widget\" data-settings=\"{&quot;_animation&quot;:&quot;fadeIn&quot;}\" data-widget_type=\"heading.default\">\n\t\t\t\t<div class=\"elementor-widget-container\">\n\t\t\t<h4 class=\"elementor-heading-title elementor-size-default\">F\u00fcr den kleinen oder gro\u00dfen Durst haben wir eine Auswahl an leckeren alkoholischen sowie alkoholfreien Getr\u00e4nken.<\/h4>\t\t<\/div>\n\t\t\t\t<\/div>\n\t\t\t\t<div class=\"elementor-element elementor-element-15b162a elementor-invisible elementor-widget elementor-widget-price-list\" data-id=\"15b162a\" data-element_type=\"widget\" data-settings=\"{&quot;_animation&quot;:&quot;fadeIn&quot;}\" data-widget_type=\"price-list.default\">\n\t\t\t\t<div class=\"elementor-widget-container\">\n\t\t\t\n\t\t<ul class=\"elementor-price-list\">\n\n\t\t\t\t\t\t\t\t\t<li><a class=\"elementor-price-list-item\" href=\"#\">\t\t\t\t\n\t\t\t\t<div class=\"elementor-price-list-text\">\n\t\t\t\t\t\t\t\t\t<div class=\"elementor-price-list-header\">\n\t\t\t\t\t\t\t\t\t\t\t<span class=\"elementor-price-list-title\">\n\t\t\t\t\t\t\tMa\u00df Helles\t\t\t\t\t\t<\/span>\n\t\t\t\t\t\t\t\t\t\t\t\t\t\t\t\t\t\t<span class=\"elementor-price-list-separator\"><\/span>\n\t\t\t\t\t\t\t\t\t\t\t\t\t\t\t\t\t\t\t<span class=\"elementor-price-list-price\">$11.00<\/span>\n\t\t\t\t\t\t\t\t\t\t<\/div>\n\t\t\t\t\t\t\t\t\t\t\t\t<\/div>\n\t\t\t\t<\/a><\/li>\t\t\t\t\t\t\t\t\t\t\t\t<li><a class=\"elementor-price-list-item\" href=\"#\">\t\t\t\t\n\t\t\t\t<div class=\"elementor-price-list-text\">\n\t\t\t\t\t\t\t\t\t<div class=\"elementor-price-list-header\">\n\t\t\t\t\t\t\t\t\t\t\t<span class=\"elementor-price-list-title\">\n\t\t\t\t\t\t\tHelles vom Fass\t\t\t\t\t\t<\/span>\n\t\t\t\t\t\t\t\t\t\t\t\t\t\t\t\t\t\t<span class=\"elementor-price-list-separator\"><\/span>\n\t\t\t\t\t\t\t\t\t\t\t\t\t\t\t\t\t\t\t<span class=\"elementor-price-list-price\">$4.75<\/span>\n\t\t\t\t\t\t\t\t\t\t<\/div>\n\t\t\t\t\t\t\t\t\t\t\t\t<\/div>\n\t\t\t\t<\/a><\/li>\t\t\t\t\t\t\t\t\t\t\t\t<li><a class=\"elementor-price-list-item\" href=\"#\">\t\t\t\t\n\t\t\t\t<div class=\"elementor-price-list-text\">\n\t\t\t\t\t\t\t\t\t<div class=\"elementor-price-list-header\">\n\t\t\t\t\t\t\t\t\t\t\t<span class=\"elementor-price-list-title\">\n\t\t\t\t\t\t\tRadler\t\t\t\t\t\t<\/span>\n\t\t\t\t\t\t\t\t\t\t\t\t\t\t\t\t\t\t<span class=\"elementor-price-list-separator\"><\/span>\n\t\t\t\t\t\t\t\t\t\t\t\t\t\t\t\t\t\t\t<span class=\"elementor-price-list-price\">$5,00<\/span>\n\t\t\t\t\t\t\t\t\t\t<\/div>\n\t\t\t\t\t\t\t\t\t\t\t\t<\/div>\n\t\t\t\t<\/a><\/li>\t\t\t\t\t\t\t\t\t\t\t\t<li><a class=\"elementor-price-list-item\" href=\"#\">\t\t\t\t\n\t\t\t\t<div class=\"elementor-price-list-text\">\n\t\t\t\t\t\t\t\t\t<div class=\"elementor-price-list-header\">\n\t\t\t\t\t\t\t\t\t\t\t<span class=\"elementor-price-list-title\">\n\t\t\t\t\t\t\tEspresso\t\t\t\t\t\t<\/span>\n\t\t\t\t\t\t\t\t\t\t\t\t\t\t\t\t\t\t<span class=\"elementor-price-list-separator\"><\/span>\n\t\t\t\t\t\t\t\t\t\t\t\t\t\t\t\t\t\t\t<span class=\"elementor-price-list-price\">$5,00<\/span>\n\t\t\t\t\t\t\t\t\t\t<\/div>\n\t\t\t\t\t\t\t\t\t\t\t\t<\/div>\n\t\t\t\t<\/a><\/li>\t\t\t\t\t\t\t\t\t\t\t\t<li><a class=\"elementor-price-list-item\" href=\"#\">\t\t\t\t\n\t\t\t\t<div class=\"elementor-price-list-text\">\n\t\t\t\t\t\t\t\t\t<div class=\"elementor-price-list-header\">\n\t\t\t\t\t\t\t\t\t\t\t<span class=\"elementor-price-list-title\">\n\t\t\t\t\t\t\tGinger Ale\t\t\t\t\t\t<\/span>\n\t\t\t\t\t\t\t\t\t\t\t\t\t\t\t\t\t\t<span class=\"elementor-price-list-separator\"><\/span>\n\t\t\t\t\t\t\t\t\t\t\t\t\t\t\t\t\t\t\t<span class=\"elementor-price-list-price\">$5,00<\/span>\n\t\t\t\t\t\t\t\t\t\t<\/div>\n\t\t\t\t\t\t\t\t\t\t\t\t<\/div>\n\t\t\t\t<\/a><\/li>\t\t\t\t\t\t\t\t\t\t\t\t<li><a class=\"elementor-price-list-item\" href=\"#\">\t\t\t\t\n\t\t\t\t<div class=\"elementor-price-list-text\">\n\t\t\t\t\t\t\t\t\t<div class=\"elementor-price-list-header\">\n\t\t\t\t\t\t\t\t\t\t\t<span class=\"elementor-price-list-title\">\n\t\t\t\t\t\t\tCola\t\t\t\t\t\t<\/span>\n\t\t\t\t\t\t\t\t\t\t\t\t\t\t\t\t\t\t<span class=\"elementor-price-list-separator\"><\/span>\n\t\t\t\t\t\t\t\t\t\t\t\t\t\t\t\t\t\t\t<span class=\"elementor-price-list-price\">$5,00<\/span>\n\t\t\t\t\t\t\t\t\t\t<\/div>\n\t\t\t\t\t\t\t\t\t\t\t\t<\/div>\n\t\t\t\t<\/a><\/li>\t\t\t\t\t\t\t\t\t\t\t\t<li><a class=\"elementor-price-list-item\" href=\"#\">\t\t\t\t\n\t\t\t\t<div class=\"elementor-price-list-text\">\n\t\t\t\t\t\t\t\t\t<div class=\"elementor-price-list-header\">\n\t\t\t\t\t\t\t\t\t\t\t<span class=\"elementor-price-list-title\">\n\t\t\t\t\t\t\tTafelwasser\t\t\t\t\t\t<\/span>\n\t\t\t\t\t\t\t\t\t\t\t\t\t\t\t\t\t\t<span class=\"elementor-price-list-separator\"><\/span>\n\t\t\t\t\t\t\t\t\t\t\t\t\t\t\t\t\t\t\t<span class=\"elementor-price-list-price\">$5,00<\/span>\n\t\t\t\t\t\t\t\t\t\t<\/div>\n\t\t\t\t\t\t\t\t\t\t\t\t<\/div>\n\t\t\t\t<\/a><\/li>\t\t\t\t\t\n\t\t<\/ul>\n\n\t\t\t\t<\/div>\n\t\t\t\t<\/div>\n\t\t\t\t\t\t<\/div>\n\t\t\t\t\t<\/div>\n\t\t<\/div>\n\t\t\t\t<div class=\"elementor-column elementor-col-50 elementor-top-column elementor-element elementor-element-a69536a\" data-id=\"a69536a\" data-element_type=\"column\">\n\t\t\t<div class=\"elementor-column-wrap elementor-element-populated\">\n\t\t\t\t\t\t\t<div class=\"elementor-widget-wrap\">\n\t\t\t\t\t\t<div class=\"elementor-element elementor-element-54bce46 elementor-invisible elementor-widget elementor-widget-image\" data-id=\"54bce46\" data-element_type=\"widget\" data-settings=\"{&quot;_animation&quot;:&quot;fadeInRight&quot;}\" data-widget_type=\"image.default\">\n\t\t\t\t<div class=\"elementor-widget-container\">\n\t\t\t\t\t\t\t\t<div class=\"elementor-image\">\n\t\t\t\t\t\t\t\t\t\t\t\t<img loading=\"lazy\" decoding=\"async\" width=\"877\" height=\"1024\" src=\"https:\/\/demo.cms-werkstatt.eu\/billiard\/wp-content\/uploads\/sites\/6\/2019\/03\/beer-1669273_1920-1-877x1024.png\" class=\"attachment-large size-large\" alt=\"\" srcset=\"https:\/\/demo.cms-werkstatt.eu\/billiard\/wp-content\/uploads\/sites\/6\/2019\/03\/beer-1669273_1920-1-877x1024.png 877w, https:\/\/demo.cms-werkstatt.eu\/billiard\/wp-content\/uploads\/sites\/6\/2019\/03\/beer-1669273_1920-1-257x300.png 257w, https:\/\/demo.cms-werkstatt.eu\/billiard\/wp-content\/uploads\/sites\/6\/2019\/03\/beer-1669273_1920-1-768x897.png 768w, https:\/\/demo.cms-werkstatt.eu\/billiard\/wp-content\/uploads\/sites\/6\/2019\/03\/beer-1669273_1920-1-e1553162242409.png 600w\" sizes=\"auto, (max-width: 877px) 100vw, 877px\" \/>\t\t\t\t\t\t\t\t\t\t\t\t\t\t<\/div>\n\t\t\t\t\t\t<\/div>\n\t\t\t\t<\/div>\n\t\t\t\t\t\t<\/div>\n\t\t\t\t\t<\/div>\n\t\t<\/div>\n\t\t\t\t\t\t\t\t<\/div>\n\t\t\t\t\t<\/div>\n\t\t<\/section>\n\t\t\t\t\t\t\t\t\t<\/div>\n\t\t\t<\/div>\n\t\t\t\t\t<\/div>\n\t\t","protected":false},"excerpt":{"rendered":"<p>Speisekarte Snacks F\u00fcr den kleinen Hunger zwischendurch bieten wir eine kleine aber besonders leckere Auswahl. Sandwich $6 Lorem ipsum dolor sit amet, vim no nobis comprehensam. Pommes $6 Lorem ipsum dolor sit amet, vim no nobis comprehensam. Hotdogs $6 Lorem ipsum dolor sit amet, vim no nobis comprehensam. Getr\u00e4nke F\u00fcr den kleinen oder gro\u00dfen Durst &hellip;<\/p>\n<p class=\"read-more\"> <a class=\"\" href=\"https:\/\/demo.cms-werkstatt.eu\/billiard\/speisekarte\/\"> <span class=\"screen-reader-text\">Speisekarte<\/span> Weiterlesen &raquo;<\/a><\/p>\n","protected":false},"author":1,"featured_media":0,"parent":0,"menu_order":0,"comment_status":"closed","ping_status":"closed","template":"","meta":{"site-sidebar-layout":"no-sidebar","site-content-layout":"page-builder","ast-global-header-display":"","ast-main-header-display":"","ast-hfb-above-header-display":"","ast-hfb-below-header-display":"","ast-hfb-mobile-header-display":"","site-post-title":"disabled","ast-breadcrumbs-content":"","ast-featured-img":"disabled","footer-sml-layout":"","theme-transparent-header-meta":"default","adv-header-id-meta":"","stick-header-meta":"","header-above-stick-meta":"","header-main-stick-meta":"","header-below-stick-meta":"","footnotes":""},"class_list":["post-121","page","type-page","status-publish","hentry"],"yoast_head":"<!-- This site is optimized with the Yoast SEO plugin v19.7.1 - https:\/\/yoast.com\/wordpress\/plugins\/seo\/ -->\n<title>Speisekarte - Billard Teamplate<\/title>\n<meta name=\"robots\" content=\"index, follow, max-snippet:-1, max-image-preview:large, max-video-preview:-1\" \/>\n<link rel=\"canonical\" href=\"https:\/\/demo.cms-werkstatt.eu\/billiard\/speisekarte\/\" \/>\n<meta property=\"og:locale\" content=\"de_DE\" \/>\n<meta property=\"og:type\" content=\"article\" \/>\n<meta property=\"og:title\" content=\"Speisekarte - Billard Teamplate\" \/>\n<meta property=\"og:description\" content=\"Speisekarte Snacks F\u00fcr den kleinen Hunger zwischendurch bieten wir eine kleine aber besonders leckere Auswahl. Sandwich $6 Lorem ipsum dolor sit amet, vim no nobis comprehensam. Pommes $6 Lorem ipsum dolor sit amet, vim no nobis comprehensam. Hotdogs $6 Lorem ipsum dolor sit amet, vim no nobis comprehensam. Getr\u00e4nke F\u00fcr den kleinen oder gro\u00dfen Durst &hellip; Speisekarte Weiterlesen &raquo;\" \/>\n<meta property=\"og:url\" content=\"https:\/\/demo.cms-werkstatt.eu\/billiard\/speisekarte\/\" \/>\n<meta property=\"og:site_name\" content=\"Billard Teamplate\" \/>\n<meta property=\"article:modified_time\" content=\"2019-03-25T11:36:56+00:00\" \/>\n<meta property=\"og:image\" content=\"https:\/\/demo.cms-werkstatt.eu\/wp-content\/uploads\/sites\/6\/2019\/03\/food-6-min.png\" \/>\n<meta name=\"twitter:card\" content=\"summary_large_image\" \/>\n<script type=\"application\/ld+json\" class=\"yoast-schema-graph\">{\"@context\":\"https:\/\/schema.org\",\"@graph\":[{\"@type\":\"WebPage\",\"@id\":\"https:\/\/demo.cms-werkstatt.eu\/billiard\/speisekarte\/\",\"url\":\"https:\/\/demo.cms-werkstatt.eu\/billiard\/speisekarte\/\",\"name\":\"Speisekarte - Billard Teamplate\",\"isPartOf\":{\"@id\":\"https:\/\/demo.cms-werkstatt.eu\/billiard\/#website\"},\"datePublished\":\"2019-03-19T14:27:40+00:00\",\"dateModified\":\"2019-03-25T11:36:56+00:00\",\"breadcrumb\":{\"@id\":\"https:\/\/demo.cms-werkstatt.eu\/billiard\/speisekarte\/#breadcrumb\"},\"inLanguage\":\"de\",\"potentialAction\":[{\"@type\":\"ReadAction\",\"target\":[\"https:\/\/demo.cms-werkstatt.eu\/billiard\/speisekarte\/\"]}]},{\"@type\":\"BreadcrumbList\",\"@id\":\"https:\/\/demo.cms-werkstatt.eu\/billiard\/speisekarte\/#breadcrumb\",\"itemListElement\":[{\"@type\":\"ListItem\",\"position\":1,\"name\":\"Startseite\",\"item\":\"https:\/\/demo.cms-werkstatt.eu\/billiard\/\"},{\"@type\":\"ListItem\",\"position\":2,\"name\":\"Speisekarte\"}]},{\"@type\":\"WebSite\",\"@id\":\"https:\/\/demo.cms-werkstatt.eu\/billiard\/#website\",\"url\":\"https:\/\/demo.cms-werkstatt.eu\/billiard\/\",\"name\":\"Billard Teamplate\",\"description\":\"\",\"publisher\":{\"@id\":\"https:\/\/demo.cms-werkstatt.eu\/billiard\/#organization\"},\"potentialAction\":[{\"@type\":\"SearchAction\",\"target\":{\"@type\":\"EntryPoint\",\"urlTemplate\":\"https:\/\/demo.cms-werkstatt.eu\/billiard\/?s={search_term_string}\"},\"query-input\":\"required name=search_term_string\"}],\"inLanguage\":\"de\"},{\"@type\":\"Organization\",\"@id\":\"https:\/\/demo.cms-werkstatt.eu\/billiard\/#organization\",\"name\":\"Billard Teamplate\",\"url\":\"https:\/\/demo.cms-werkstatt.eu\/billiard\/\",\"sameAs\":[],\"logo\":{\"@type\":\"ImageObject\",\"inLanguage\":\"de\",\"@id\":\"https:\/\/demo.cms-werkstatt.eu\/billiard\/#\/schema\/logo\/image\/\",\"url\":\"https:\/\/demo.cms-werkstatt.eu\/billiard\/wp-content\/uploads\/sites\/6\/2019\/03\/Billard.svg\",\"contentUrl\":\"https:\/\/demo.cms-werkstatt.eu\/billiard\/wp-content\/uploads\/sites\/6\/2019\/03\/Billard.svg\",\"caption\":\"Billard Teamplate\"},\"image\":{\"@id\":\"https:\/\/demo.cms-werkstatt.eu\/billiard\/#\/schema\/logo\/image\/\"}}]}<\/script>\n<!-- \/ Yoast SEO plugin. -->","yoast_head_json":{"title":"Speisekarte - Billard Teamplate","robots":{"index":"index","follow":"follow","max-snippet":"max-snippet:-1","max-image-preview":"max-image-preview:large","max-video-preview":"max-video-preview:-1"},"canonical":"https:\/\/demo.cms-werkstatt.eu\/billiard\/speisekarte\/","og_locale":"de_DE","og_type":"article","og_title":"Speisekarte - Billard Teamplate","og_description":"Speisekarte Snacks F\u00fcr den kleinen Hunger zwischendurch bieten wir eine kleine aber besonders leckere Auswahl. Sandwich $6 Lorem ipsum dolor sit amet, vim no nobis comprehensam. Pommes $6 Lorem ipsum dolor sit amet, vim no nobis comprehensam. Hotdogs $6 Lorem ipsum dolor sit amet, vim no nobis comprehensam. Getr\u00e4nke F\u00fcr den kleinen oder gro\u00dfen Durst &hellip; Speisekarte Weiterlesen &raquo;","og_url":"https:\/\/demo.cms-werkstatt.eu\/billiard\/speisekarte\/","og_site_name":"Billard Teamplate","article_modified_time":"2019-03-25T11:36:56+00:00","og_image":[{"url":"https:\/\/demo.cms-werkstatt.eu\/wp-content\/uploads\/sites\/6\/2019\/03\/food-6-min.png"}],"twitter_card":"summary_large_image","schema":{"@context":"https:\/\/schema.org","@graph":[{"@type":"WebPage","@id":"https:\/\/demo.cms-werkstatt.eu\/billiard\/speisekarte\/","url":"https:\/\/demo.cms-werkstatt.eu\/billiard\/speisekarte\/","name":"Speisekarte - Billard Teamplate","isPartOf":{"@id":"https:\/\/demo.cms-werkstatt.eu\/billiard\/#website"},"datePublished":"2019-03-19T14:27:40+00:00","dateModified":"2019-03-25T11:36:56+00:00","breadcrumb":{"@id":"https:\/\/demo.cms-werkstatt.eu\/billiard\/speisekarte\/#breadcrumb"},"inLanguage":"de","potentialAction":[{"@type":"ReadAction","target":["https:\/\/demo.cms-werkstatt.eu\/billiard\/speisekarte\/"]}]},{"@type":"BreadcrumbList","@id":"https:\/\/demo.cms-werkstatt.eu\/billiard\/speisekarte\/#breadcrumb","itemListElement":[{"@type":"ListItem","position":1,"name":"Startseite","item":"https:\/\/demo.cms-werkstatt.eu\/billiard\/"},{"@type":"ListItem","position":2,"name":"Speisekarte"}]},{"@type":"WebSite","@id":"https:\/\/demo.cms-werkstatt.eu\/billiard\/#website","url":"https:\/\/demo.cms-werkstatt.eu\/billiard\/","name":"Billard Teamplate","description":"","publisher":{"@id":"https:\/\/demo.cms-werkstatt.eu\/billiard\/#organization"},"potentialAction":[{"@type":"SearchAction","target":{"@type":"EntryPoint","urlTemplate":"https:\/\/demo.cms-werkstatt.eu\/billiard\/?s={search_term_string}"},"query-input":"required name=search_term_string"}],"inLanguage":"de"},{"@type":"Organization","@id":"https:\/\/demo.cms-werkstatt.eu\/billiard\/#organization","name":"Billard Teamplate","url":"https:\/\/demo.cms-werkstatt.eu\/billiard\/","sameAs":[],"logo":{"@type":"ImageObject","inLanguage":"de","@id":"https:\/\/demo.cms-werkstatt.eu\/billiard\/#\/schema\/logo\/image\/","url":"https:\/\/demo.cms-werkstatt.eu\/billiard\/wp-content\/uploads\/sites\/6\/2019\/03\/Billard.svg","contentUrl":"https:\/\/demo.cms-werkstatt.eu\/billiard\/wp-content\/uploads\/sites\/6\/2019\/03\/Billard.svg","caption":"Billard Teamplate"},"image":{"@id":"https:\/\/demo.cms-werkstatt.eu\/billiard\/#\/schema\/logo\/image\/"}}]}},"acf":[],"_links":{"self":[{"href":"https:\/\/demo.cms-werkstatt.eu\/billiard\/wp-json\/wp\/v2\/pages\/121","targetHints":{"allow":["GET"]}}],"collection":[{"href":"https:\/\/demo.cms-werkstatt.eu\/billiard\/wp-json\/wp\/v2\/pages"}],"about":[{"href":"https:\/\/demo.cms-werkstatt.eu\/billiard\/wp-json\/wp\/v2\/types\/page"}],"author":[{"embeddable":true,"href":"https:\/\/demo.cms-werkstatt.eu\/billiard\/wp-json\/wp\/v2\/users\/1"}],"replies":[{"embeddable":true,"href":"https:\/\/demo.cms-werkstatt.eu\/billiard\/wp-json\/wp\/v2\/comments?post=121"}],"version-history":[{"count":0,"href":"https:\/\/demo.cms-werkstatt.eu\/billiard\/wp-json\/wp\/v2\/pages\/121\/revisions"}],"wp:attachment":[{"href":"https:\/\/demo.cms-werkstatt.eu\/billiard\/wp-json\/wp\/v2\/media?parent=121"}],"curies":[{"name":"wp","href":"https:\/\/api.w.org\/{rel}","templated":true}]}}