{"id":29,"date":"2019-03-14T11:56:03","date_gmt":"2019-03-14T10:56:03","guid":{"rendered":"https:\/\/demo.cms-werkstatt.eu\/restaurant\/?page_id=29"},"modified":"2019-03-14T11:58:19","modified_gmt":"2019-03-14T10:58:19","slug":"impressum","status":"publish","type":"page","link":"https:\/\/demo.cms-werkstatt.eu\/restaurant\/impressum\/","title":{"rendered":"Impressum"},"content":{"rendered":"\t\t<div data-elementor-type=\"wp-post\" data-elementor-id=\"29\" class=\"elementor elementor-29\">\n\t\t\t\t\t\t<div class=\"elementor-inner\">\n\t\t\t\t<div class=\"elementor-section-wrap\">\n\t\t\t\t\t\t\t\t\t<section class=\"elementor-section elementor-top-section elementor-element elementor-element-43569280 elementor-section-boxed elementor-section-height-default elementor-section-height-default\" data-id=\"43569280\" data-element_type=\"section\">\n\t\t\t\t\t\t<div class=\"elementor-container elementor-column-gap-default\">\n\t\t\t\t\t\t\t<div class=\"elementor-row\">\n\t\t\t\t\t<div class=\"elementor-column elementor-col-100 elementor-top-column elementor-element elementor-element-2c060be4\" data-id=\"2c060be4\" data-element_type=\"column\">\n\t\t\t<div class=\"elementor-column-wrap elementor-element-populated\">\n\t\t\t\t\t\t\t<div class=\"elementor-widget-wrap\">\n\t\t\t\t\t\t<div class=\"elementor-element elementor-element-71d94050 elementor-widget elementor-widget-text-editor\" data-id=\"71d94050\" data-element_type=\"widget\" data-widget_type=\"text-editor.default\">\n\t\t\t\t<div class=\"elementor-widget-container\">\n\t\t\t\t\t\t\t\t<div class=\"elementor-text-editor elementor-clearfix\">\n\t\t\t\t<div class='impressum'><h1>Impressum<\/h1><p>Angaben gem\u00e4\u00df \u00a7 5 TMG<\/p><p>Max Muster <br> \nMusterweg<br> \n12345 Musterstadt <br> \n<\/p><p> <strong>Vertreten durch: <\/strong><br>\nMax Muster<br>\n<\/p><p><strong>Kontakt:<\/strong> <br>\nTelefon: 01234-789456<br>\nFax: 1234-56789<br>\nE-Mail: <a href='mailto:max@muster.de'>max@muster.de<\/a><\/br><\/p><p><strong>Umsatzsteuer-ID: <\/strong> <br>\nUmsatzsteuer-Identifikationsnummer gem\u00e4\u00df \u00a727a Umsatzsteuergesetz: Musterustid.<br><br>\n<strong>Wirtschafts-ID: <\/strong><br>\nMusterwirtschaftsid<br>\n<\/p><p><strong>Aufsichtsbeh\u00f6rde:<\/strong><br>\nMusteraufsicht Musterstadt<br><\/p><p><strong>Haftungsausschluss: <\/strong><br><br><strong>Haftung f\u00fcr Links<\/strong><br><br>\nUnser Angebot enth\u00e4lt Links zu externen Webseiten Dritter, auf deren Inhalte wir keinen Einfluss haben. Deshalb k\u00f6nnen wir f\u00fcr diese fremden Inhalte auch keine Gew\u00e4hr \u00fcbernehmen. F\u00fcr die Inhalte der verlinkten Seiten ist stets der jeweilige Anbieter oder Betreiber der Seiten verantwortlich. Die verlinkten Seiten wurden zum Zeitpunkt der Verlinkung auf m\u00f6gliche Rechtsverst\u00f6\u00dfe \u00fcberpr\u00fcft. Rechtswidrige Inhalte waren zum Zeitpunkt der Verlinkung nicht erkennbar. Eine permanente inhaltliche Kontrolle der verlinkten Seiten ist jedoch ohne konkrete Anhaltspunkte einer Rechtsverletzung nicht zumutbar. Bei Bekanntwerden von Rechtsverletzungen werden wir derartige Links umgehend entfernen.<br><br><strong>Datenschutz<\/strong><br><br>\nDie Nutzung unserer Webseite ist in der Regel ohne Angabe personenbezogener Daten m\u00f6glich. Soweit auf unseren Seiten personenbezogene Daten (beispielsweise Name, Anschrift oder eMail-Adressen) erhoben werden, erfolgt dies, soweit m\u00f6glich, stets auf freiwilliger Basis. Diese Daten werden ohne Ihre ausdr\u00fcckliche Zustimmung nicht an Dritte weitergegeben. <br>\nWir weisen darauf hin, dass die Daten\u00fcbertragung im Internet (z.B. bei der Kommunikation per E-Mail) Sicherheitsl\u00fccken aufweisen kann. Ein l\u00fcckenloser Schutz der Daten vor dem Zugriff durch Dritte ist nicht m\u00f6glich. <br>\nDer Nutzung von im Rahmen der Impressumspflicht ver\u00f6ffentlichten Kontaktdaten durch Dritte zur \u00dcbersendung von nicht ausdr\u00fccklich angeforderter Werbung und Informationsmaterialien wird hiermit ausdr\u00fccklich widersprochen. Die Betreiber der Seiten behalten sich ausdr\u00fccklich rechtliche Schritte im Falle der unverlangten Zusendung von Werbeinformationen, etwa durch Spam-Mails, vor.<br>\n<\/p><br> \nImpressum vom <a href=\"https:\/\/www.impressum-generator.de\">Impressum Generator<\/a> der <a href=\"https:\/\/www.kanzlei-hasselbach.de\/standorte\/bonn\/\">Kanzlei Hasselbach, Bonn<\/a> <\/div>\n \t\t\t\t\t<\/div>\n\t\t\t\t\t\t<\/div>\n\t\t\t\t<\/div>\n\t\t\t\t\t\t<\/div>\n\t\t\t\t\t<\/div>\n\t\t<\/div>\n\t\t\t\t\t\t\t\t<\/div>\n\t\t\t\t\t<\/div>\n\t\t<\/section>\n\t\t\t\t\t\t\t\t\t<\/div>\n\t\t\t<\/div>\n\t\t\t\t\t<\/div>\n\t\t","protected":false},"excerpt":{"rendered":"<p>Impressum Angaben gem\u00e4\u00df \u00a7 5 TMG Max Muster Musterweg 12345 Musterstadt Vertreten durch: Max Muster Kontakt: Telefon: 01234-789456 Fax: 1234-56789 E-Mail: max@muster.de Umsatzsteuer-ID: Umsatzsteuer-Identifikationsnummer gem\u00e4\u00df \u00a727a Umsatzsteuergesetz: Musterustid. Wirtschafts-ID: Musterwirtschaftsid Aufsichtsbeh\u00f6rde: Musteraufsicht Musterstadt Haftungsausschluss: Haftung f\u00fcr Links Unser Angebot enth\u00e4lt Links zu externen Webseiten Dritter, auf deren Inhalte wir keinen Einfluss haben. Deshalb k\u00f6nnen wir &hellip;<\/p>\n<p class=\"read-more\"> <a class=\"\" href=\"https:\/\/demo.cms-werkstatt.eu\/restaurant\/impressum\/\"> <span class=\"screen-reader-text\">Impressum<\/span> Weiterlesen &raquo;<\/a><\/p>\n","protected":false},"author":1,"featured_media":0,"parent":0,"menu_order":0,"comment_status":"closed","ping_status":"open","template":"elementor_header_footer","meta":{"site-sidebar-layout":"default","site-content-layout":"default","ast-global-header-display":"","ast-main-header-display":"disabled","ast-hfb-above-header-display":"","ast-hfb-below-header-display":"","ast-hfb-mobile-header-display":"","site-post-title":"disabled","ast-breadcrumbs-content":"","ast-featured-img":"disabled","footer-sml-layout":"","theme-transparent-header-meta":"default","adv-header-id-meta":"","stick-header-meta":"","header-above-stick-meta":"","header-main-stick-meta":"","header-below-stick-meta":"","footnotes":""},"class_list":["post-29","page","type-page","status-publish","hentry"],"yoast_head":"<!-- This site is optimized with the Yoast SEO plugin v19.7.1 - https:\/\/yoast.com\/wordpress\/plugins\/seo\/ -->\n<title>Impressum - Restaurant Template<\/title>\n<meta name=\"robots\" content=\"index, follow, max-snippet:-1, max-image-preview:large, max-video-preview:-1\" \/>\n<link rel=\"canonical\" href=\"https:\/\/demo.cms-werkstatt.eu\/restaurant\/impressum\/\" \/>\n<meta property=\"og:locale\" content=\"de_DE\" \/>\n<meta property=\"og:type\" content=\"article\" \/>\n<meta property=\"og:title\" content=\"Impressum - Restaurant Template\" \/>\n<meta property=\"og:description\" content=\"Impressum Angaben gem\u00e4\u00df \u00a7 5 TMG Max Muster Musterweg 12345 Musterstadt Vertreten durch: Max Muster Kontakt: Telefon: 01234-789456 Fax: 1234-56789 E-Mail: max@muster.de Umsatzsteuer-ID: Umsatzsteuer-Identifikationsnummer gem\u00e4\u00df \u00a727a Umsatzsteuergesetz: Musterustid. Wirtschafts-ID: Musterwirtschaftsid Aufsichtsbeh\u00f6rde: Musteraufsicht Musterstadt Haftungsausschluss: Haftung f\u00fcr Links Unser Angebot enth\u00e4lt Links zu externen Webseiten Dritter, auf deren Inhalte wir keinen Einfluss haben. Deshalb k\u00f6nnen wir &hellip; Impressum Weiterlesen &raquo;\" \/>\n<meta property=\"og:url\" content=\"https:\/\/demo.cms-werkstatt.eu\/restaurant\/impressum\/\" \/>\n<meta property=\"og:site_name\" content=\"Restaurant Template\" \/>\n<meta property=\"article:modified_time\" content=\"2019-03-14T10:58:19+00:00\" \/>\n<meta name=\"twitter:card\" content=\"summary_large_image\" \/>\n<meta name=\"twitter:label1\" content=\"Gesch\u00e4tzte Lesezeit\" \/>\n\t<meta name=\"twitter:data1\" content=\"1\u00a0Minute\" \/>\n<script type=\"application\/ld+json\" class=\"yoast-schema-graph\">{\"@context\":\"https:\/\/schema.org\",\"@graph\":[{\"@type\":\"WebPage\",\"@id\":\"https:\/\/demo.cms-werkstatt.eu\/restaurant\/impressum\/\",\"url\":\"https:\/\/demo.cms-werkstatt.eu\/restaurant\/impressum\/\",\"name\":\"Impressum - Restaurant Template\",\"isPartOf\":{\"@id\":\"https:\/\/demo.cms-werkstatt.eu\/restaurant\/#website\"},\"datePublished\":\"2019-03-14T10:56:03+00:00\",\"dateModified\":\"2019-03-14T10:58:19+00:00\",\"breadcrumb\":{\"@id\":\"https:\/\/demo.cms-werkstatt.eu\/restaurant\/impressum\/#breadcrumb\"},\"inLanguage\":\"de\",\"potentialAction\":[{\"@type\":\"ReadAction\",\"target\":[\"https:\/\/demo.cms-werkstatt.eu\/restaurant\/impressum\/\"]}]},{\"@type\":\"BreadcrumbList\",\"@id\":\"https:\/\/demo.cms-werkstatt.eu\/restaurant\/impressum\/#breadcrumb\",\"itemListElement\":[{\"@type\":\"ListItem\",\"position\":1,\"name\":\"Startseite\",\"item\":\"https:\/\/demo.cms-werkstatt.eu\/restaurant\/\"},{\"@type\":\"ListItem\",\"position\":2,\"name\":\"Impressum\"}]},{\"@type\":\"WebSite\",\"@id\":\"https:\/\/demo.cms-werkstatt.eu\/restaurant\/#website\",\"url\":\"https:\/\/demo.cms-werkstatt.eu\/restaurant\/\",\"name\":\"Restaurant Template\",\"description\":\"\",\"publisher\":{\"@id\":\"https:\/\/demo.cms-werkstatt.eu\/restaurant\/#organization\"},\"potentialAction\":[{\"@type\":\"SearchAction\",\"target\":{\"@type\":\"EntryPoint\",\"urlTemplate\":\"https:\/\/demo.cms-werkstatt.eu\/restaurant\/?s={search_term_string}\"},\"query-input\":\"required name=search_term_string\"}],\"inLanguage\":\"de\"},{\"@type\":\"Organization\",\"@id\":\"https:\/\/demo.cms-werkstatt.eu\/restaurant\/#organization\",\"name\":\"Restaurant Template\",\"url\":\"https:\/\/demo.cms-werkstatt.eu\/restaurant\/\",\"sameAs\":[],\"logo\":{\"@type\":\"ImageObject\",\"inLanguage\":\"de\",\"@id\":\"https:\/\/demo.cms-werkstatt.eu\/restaurant\/#\/schema\/logo\/image\/\",\"url\":\"https:\/\/demo.cms-werkstatt.eu\/restaurant\/wp-content\/uploads\/sites\/3\/2019\/03\/Restaurant3.svg\",\"contentUrl\":\"https:\/\/demo.cms-werkstatt.eu\/restaurant\/wp-content\/uploads\/sites\/3\/2019\/03\/Restaurant3.svg\",\"caption\":\"Restaurant Template\"},\"image\":{\"@id\":\"https:\/\/demo.cms-werkstatt.eu\/restaurant\/#\/schema\/logo\/image\/\"}}]}<\/script>\n<!-- \/ Yoast SEO plugin. -->","yoast_head_json":{"title":"Impressum - Restaurant Template","robots":{"index":"index","follow":"follow","max-snippet":"max-snippet:-1","max-image-preview":"max-image-preview:large","max-video-preview":"max-video-preview:-1"},"canonical":"https:\/\/demo.cms-werkstatt.eu\/restaurant\/impressum\/","og_locale":"de_DE","og_type":"article","og_title":"Impressum - Restaurant Template","og_description":"Impressum Angaben gem\u00e4\u00df \u00a7 5 TMG Max Muster Musterweg 12345 Musterstadt Vertreten durch: Max Muster Kontakt: Telefon: 01234-789456 Fax: 1234-56789 E-Mail: max@muster.de Umsatzsteuer-ID: Umsatzsteuer-Identifikationsnummer gem\u00e4\u00df \u00a727a Umsatzsteuergesetz: Musterustid. Wirtschafts-ID: Musterwirtschaftsid Aufsichtsbeh\u00f6rde: Musteraufsicht Musterstadt Haftungsausschluss: Haftung f\u00fcr Links Unser Angebot enth\u00e4lt Links zu externen Webseiten Dritter, auf deren Inhalte wir keinen Einfluss haben. Deshalb k\u00f6nnen wir &hellip; Impressum Weiterlesen &raquo;","og_url":"https:\/\/demo.cms-werkstatt.eu\/restaurant\/impressum\/","og_site_name":"Restaurant Template","article_modified_time":"2019-03-14T10:58:19+00:00","twitter_card":"summary_large_image","twitter_misc":{"Gesch\u00e4tzte Lesezeit":"1\u00a0Minute"},"schema":{"@context":"https:\/\/schema.org","@graph":[{"@type":"WebPage","@id":"https:\/\/demo.cms-werkstatt.eu\/restaurant\/impressum\/","url":"https:\/\/demo.cms-werkstatt.eu\/restaurant\/impressum\/","name":"Impressum - Restaurant Template","isPartOf":{"@id":"https:\/\/demo.cms-werkstatt.eu\/restaurant\/#website"},"datePublished":"2019-03-14T10:56:03+00:00","dateModified":"2019-03-14T10:58:19+00:00","breadcrumb":{"@id":"https:\/\/demo.cms-werkstatt.eu\/restaurant\/impressum\/#breadcrumb"},"inLanguage":"de","potentialAction":[{"@type":"ReadAction","target":["https:\/\/demo.cms-werkstatt.eu\/restaurant\/impressum\/"]}]},{"@type":"BreadcrumbList","@id":"https:\/\/demo.cms-werkstatt.eu\/restaurant\/impressum\/#breadcrumb","itemListElement":[{"@type":"ListItem","position":1,"name":"Startseite","item":"https:\/\/demo.cms-werkstatt.eu\/restaurant\/"},{"@type":"ListItem","position":2,"name":"Impressum"}]},{"@type":"WebSite","@id":"https:\/\/demo.cms-werkstatt.eu\/restaurant\/#website","url":"https:\/\/demo.cms-werkstatt.eu\/restaurant\/","name":"Restaurant Template","description":"","publisher":{"@id":"https:\/\/demo.cms-werkstatt.eu\/restaurant\/#organization"},"potentialAction":[{"@type":"SearchAction","target":{"@type":"EntryPoint","urlTemplate":"https:\/\/demo.cms-werkstatt.eu\/restaurant\/?s={search_term_string}"},"query-input":"required name=search_term_string"}],"inLanguage":"de"},{"@type":"Organization","@id":"https:\/\/demo.cms-werkstatt.eu\/restaurant\/#organization","name":"Restaurant Template","url":"https:\/\/demo.cms-werkstatt.eu\/restaurant\/","sameAs":[],"logo":{"@type":"ImageObject","inLanguage":"de","@id":"https:\/\/demo.cms-werkstatt.eu\/restaurant\/#\/schema\/logo\/image\/","url":"https:\/\/demo.cms-werkstatt.eu\/restaurant\/wp-content\/uploads\/sites\/3\/2019\/03\/Restaurant3.svg","contentUrl":"https:\/\/demo.cms-werkstatt.eu\/restaurant\/wp-content\/uploads\/sites\/3\/2019\/03\/Restaurant3.svg","caption":"Restaurant Template"},"image":{"@id":"https:\/\/demo.cms-werkstatt.eu\/restaurant\/#\/schema\/logo\/image\/"}}]}},"acf":[],"_links":{"self":[{"href":"https:\/\/demo.cms-werkstatt.eu\/restaurant\/wp-json\/wp\/v2\/pages\/29","targetHints":{"allow":["GET"]}}],"collection":[{"href":"https:\/\/demo.cms-werkstatt.eu\/restaurant\/wp-json\/wp\/v2\/pages"}],"about":[{"href":"https:\/\/demo.cms-werkstatt.eu\/restaurant\/wp-json\/wp\/v2\/types\/page"}],"author":[{"embeddable":true,"href":"https:\/\/demo.cms-werkstatt.eu\/restaurant\/wp-json\/wp\/v2\/users\/1"}],"replies":[{"embeddable":true,"href":"https:\/\/demo.cms-werkstatt.eu\/restaurant\/wp-json\/wp\/v2\/comments?post=29"}],"version-history":[{"count":0,"href":"https:\/\/demo.cms-werkstatt.eu\/restaurant\/wp-json\/wp\/v2\/pages\/29\/revisions"}],"wp:attachment":[{"href":"https:\/\/demo.cms-werkstatt.eu\/restaurant\/wp-json\/wp\/v2\/media?parent=29"}],"curies":[{"name":"wp","href":"https:\/\/api.w.org\/{rel}","templated":true}]}}