{"id":108,"date":"2019-03-18T12:40:54","date_gmt":"2019-03-18T11:40:54","guid":{"rendered":"https:\/\/demo.cms-werkstatt.eu\/wellness\/?page_id=108"},"modified":"2019-03-26T09:20:00","modified_gmt":"2019-03-26T08:20:00","slug":"ueber-uns","status":"publish","type":"page","link":"https:\/\/demo.cms-werkstatt.eu\/wellness\/ueber-uns\/","title":{"rendered":"\u00dcber uns"},"content":{"rendered":"\t\t<div data-elementor-type=\"wp-post\" data-elementor-id=\"108\" class=\"elementor elementor-108\">\n\t\t\t\t\t\t<div class=\"elementor-inner\">\n\t\t\t\t<div class=\"elementor-section-wrap\">\n\t\t\t\t\t\t\t\t\t<section class=\"elementor-section elementor-top-section elementor-element elementor-element-633328f elementor-section-height-min-height elementor-section-boxed elementor-section-height-default elementor-section-items-middle\" data-id=\"633328f\" data-element_type=\"section\" data-settings=\"{&quot;background_background&quot;:&quot;classic&quot;}\">\n\t\t\t\t\t\t\t<div class=\"elementor-background-overlay\"><\/div>\n\t\t\t\t\t\t\t<div class=\"elementor-container elementor-column-gap-default\">\n\t\t\t\t\t\t\t<div class=\"elementor-row\">\n\t\t\t\t\t<div class=\"elementor-column elementor-col-100 elementor-top-column elementor-element elementor-element-4aa8c01\" data-id=\"4aa8c01\" data-element_type=\"column\">\n\t\t\t<div class=\"elementor-column-wrap elementor-element-populated\">\n\t\t\t\t\t\t\t<div class=\"elementor-widget-wrap\">\n\t\t\t\t\t\t<div class=\"elementor-element elementor-element-d3bcdbf elementor-invisible elementor-widget elementor-widget-heading\" data-id=\"d3bcdbf\" data-element_type=\"widget\" data-settings=\"{&quot;_animation&quot;:&quot;fadeInDown&quot;,&quot;_animation_delay&quot;:400}\" data-widget_type=\"heading.default\">\n\t\t\t\t<div class=\"elementor-widget-container\">\n\t\t\t<h5 class=\"elementor-heading-title elementor-size-default\">Mehr \u00fcber uns<\/h5>\t\t<\/div>\n\t\t\t\t<\/div>\n\t\t\t\t<div class=\"elementor-element elementor-element-21ddb57 elementor-invisible elementor-widget elementor-widget-heading\" data-id=\"21ddb57\" data-element_type=\"widget\" data-settings=\"{&quot;_animation&quot;:&quot;fadeInDown&quot;,&quot;_animation_delay&quot;:200}\" data-widget_type=\"heading.default\">\n\t\t\t\t<div class=\"elementor-widget-container\">\n\t\t\t<h2 class=\"elementor-heading-title elementor-size-default\">Unsere Story<\/h2>\t\t<\/div>\n\t\t\t\t<\/div>\n\t\t\t\t\t\t<\/div>\n\t\t\t\t\t<\/div>\n\t\t<\/div>\n\t\t\t\t\t\t\t\t<\/div>\n\t\t\t\t\t<\/div>\n\t\t<\/section>\n\t\t\t\t<section class=\"elementor-section elementor-top-section elementor-element elementor-element-7e272fa8 elementor-section-boxed elementor-section-height-default elementor-section-height-default\" data-id=\"7e272fa8\" data-element_type=\"section\">\n\t\t\t\t\t\t<div class=\"elementor-container elementor-column-gap-default\">\n\t\t\t\t\t\t\t<div class=\"elementor-row\">\n\t\t\t\t\t<div class=\"elementor-column elementor-col-100 elementor-top-column elementor-element elementor-element-7bcbf47f\" data-id=\"7bcbf47f\" data-element_type=\"column\">\n\t\t\t<div class=\"elementor-column-wrap elementor-element-populated\">\n\t\t\t\t\t\t\t<div class=\"elementor-widget-wrap\">\n\t\t\t\t\t\t<div class=\"elementor-element elementor-element-34e52873 elementor-widget elementor-widget-spacer\" data-id=\"34e52873\" data-element_type=\"widget\" data-widget_type=\"spacer.default\">\n\t\t\t\t<div class=\"elementor-widget-container\">\n\t\t\t\t\t<div class=\"elementor-spacer\">\n\t\t\t<div class=\"elementor-spacer-inner\"><\/div>\n\t\t<\/div>\n\t\t\t\t<\/div>\n\t\t\t\t<\/div>\n\t\t\t\t\t\t<\/div>\n\t\t\t\t\t<\/div>\n\t\t<\/div>\n\t\t\t\t\t\t\t\t<\/div>\n\t\t\t\t\t<\/div>\n\t\t<\/section>\n\t\t\t\t<section class=\"elementor-section elementor-top-section elementor-element elementor-element-b617251 elementor-section-boxed elementor-section-height-default elementor-section-height-default\" data-id=\"b617251\" data-element_type=\"section\">\n\t\t\t\t\t\t<div class=\"elementor-container elementor-column-gap-default\">\n\t\t\t\t\t\t\t<div class=\"elementor-row\">\n\t\t\t\t\t<div class=\"elementor-column elementor-col-100 elementor-top-column elementor-element elementor-element-2ddaa76e\" data-id=\"2ddaa76e\" data-element_type=\"column\">\n\t\t\t<div class=\"elementor-column-wrap elementor-element-populated\">\n\t\t\t\t\t\t\t<div class=\"elementor-widget-wrap\">\n\t\t\t\t\t\t<div class=\"elementor-element elementor-element-42499152 elementor-widget elementor-widget-text-editor\" data-id=\"42499152\" data-element_type=\"widget\" data-widget_type=\"text-editor.default\">\n\t\t\t\t<div class=\"elementor-widget-container\">\n\t\t\t\t\t\t\t\t<div class=\"elementor-text-editor elementor-clearfix\">\n\t\t\t\t<p>Mit body &amp; soul haben wir einen Ort der v\u00f6lligen Entspannung geschaffen, um Ihnen die M\u00f6glichkeit zu geben den Alltag hinter sich zu lassen und einen Ort der Ruhe und Regeneration zu finden. Wir m\u00f6chten Ihrem Bed\u00fcrfnis nach Ruhe und Auszeit nachkommen und Ihnen diesen Ort des Verweilen und des Wohlf\u00fchlens pr\u00e4sentieren.<\/p>\n<p>All unsere Behandlungen dienen der allgemeinen Entspannung und der Gesundheit.<\/p>\t\t\t\t\t<\/div>\n\t\t\t\t\t\t<\/div>\n\t\t\t\t<\/div>\n\t\t\t\t<div class=\"elementor-element elementor-element-7ad4d2a elementor-widget elementor-widget-heading\" data-id=\"7ad4d2a\" data-element_type=\"widget\" data-widget_type=\"heading.default\">\n\t\t\t\t<div class=\"elementor-widget-container\">\n\t\t\t<h2 class=\"elementor-heading-title elementor-size-default\">Unser Team<\/h2>\t\t<\/div>\n\t\t\t\t<\/div>\n\t\t\t\t\t\t<\/div>\n\t\t\t\t\t<\/div>\n\t\t<\/div>\n\t\t\t\t\t\t\t\t<\/div>\n\t\t\t\t\t<\/div>\n\t\t<\/section>\n\t\t\t\t<section class=\"elementor-section elementor-top-section elementor-element elementor-element-e397869 elementor-section-boxed elementor-section-height-default elementor-section-height-default elementor-invisible\" data-id=\"e397869\" data-element_type=\"section\" data-settings=\"{&quot;animation&quot;:&quot;fadeInUp&quot;}\">\n\t\t\t\t\t\t<div class=\"elementor-container elementor-column-gap-default\">\n\t\t\t\t\t\t\t<div class=\"elementor-row\">\n\t\t\t\t\t<div class=\"elementor-column elementor-col-100 elementor-top-column elementor-element elementor-element-24a5781d\" data-id=\"24a5781d\" data-element_type=\"column\" data-settings=\"{&quot;background_background&quot;:&quot;classic&quot;}\">\n\t\t\t<div class=\"elementor-column-wrap elementor-element-populated\">\n\t\t\t\t\t\t\t<div class=\"elementor-widget-wrap\">\n\t\t\t\t\t\t<section class=\"elementor-section elementor-inner-section elementor-element elementor-element-67e288f8 elementor-section-boxed elementor-section-height-default elementor-section-height-default\" data-id=\"67e288f8\" data-element_type=\"section\">\n\t\t\t\t\t\t<div class=\"elementor-container elementor-column-gap-no\">\n\t\t\t\t\t\t\t<div class=\"elementor-row\">\n\t\t\t\t\t<div class=\"elementor-column elementor-col-33 elementor-inner-column elementor-element elementor-element-4c19768e elementor-invisible\" data-id=\"4c19768e\" data-element_type=\"column\" data-settings=\"{&quot;animation&quot;:&quot;fadeInLeft&quot;,&quot;animation_delay&quot;:600}\">\n\t\t\t<div class=\"elementor-column-wrap elementor-element-populated\">\n\t\t\t\t\t\t\t<div class=\"elementor-widget-wrap\">\n\t\t\t\t\t\t<div class=\"elementor-element elementor-element-1be37956 elementor-widget elementor-widget-image\" data-id=\"1be37956\" data-element_type=\"widget\" data-widget_type=\"image.default\">\n\t\t\t\t<div class=\"elementor-widget-container\">\n\t\t\t\t\t\t\t\t<div class=\"elementor-image\">\n\t\t\t\t\t\t\t\t\t\t\t\t<img loading=\"lazy\" decoding=\"async\" width=\"270\" height=\"270\" src=\"https:\/\/demo.cms-werkstatt.eu\/wellness\/wp-content\/uploads\/sites\/5\/2019\/03\/team-circle-1.png\" class=\"attachment-full size-full\" alt=\"\" srcset=\"https:\/\/demo.cms-werkstatt.eu\/wellness\/wp-content\/uploads\/sites\/5\/2019\/03\/team-circle-1.png 270w, https:\/\/demo.cms-werkstatt.eu\/wellness\/wp-content\/uploads\/sites\/5\/2019\/03\/team-circle-1-150x150.png 150w\" sizes=\"auto, (max-width: 270px) 100vw, 270px\" \/>\t\t\t\t\t\t\t\t\t\t\t\t\t\t<\/div>\n\t\t\t\t\t\t<\/div>\n\t\t\t\t<\/div>\n\t\t\t\t<div class=\"elementor-element elementor-element-3d66f7b7 elementor-widget elementor-widget-heading\" data-id=\"3d66f7b7\" data-element_type=\"widget\" data-widget_type=\"heading.default\">\n\t\t\t\t<div class=\"elementor-widget-container\">\n\t\t\t<h3 class=\"elementor-heading-title elementor-size-default\"><a href=\"#\">Michelle Fernandez<\/a><\/h3>\t\t<\/div>\n\t\t\t\t<\/div>\n\t\t\t\t<div class=\"elementor-element elementor-element-2280872d elementor-widget elementor-widget-text-editor\" data-id=\"2280872d\" data-element_type=\"widget\" data-widget_type=\"text-editor.default\">\n\t\t\t\t<div class=\"elementor-widget-container\">\n\t\t\t\t\t\t\t\t<div class=\"elementor-text-editor elementor-clearfix\">\n\t\t\t\t<p style=\"text-align: center;\">Physiotherapeutin<\/p>\t\t\t\t\t<\/div>\n\t\t\t\t\t\t<\/div>\n\t\t\t\t<\/div>\n\t\t\t\t\t\t<\/div>\n\t\t\t\t\t<\/div>\n\t\t<\/div>\n\t\t\t\t<div class=\"elementor-column elementor-col-33 elementor-inner-column elementor-element elementor-element-e03e33 elementor-invisible\" data-id=\"e03e33\" data-element_type=\"column\" data-settings=\"{&quot;animation&quot;:&quot;fadeInUp&quot;,&quot;animation_delay&quot;:600}\">\n\t\t\t<div class=\"elementor-column-wrap elementor-element-populated\">\n\t\t\t\t\t\t\t<div class=\"elementor-widget-wrap\">\n\t\t\t\t\t\t<div class=\"elementor-element elementor-element-73c2ff9e elementor-widget elementor-widget-image\" data-id=\"73c2ff9e\" data-element_type=\"widget\" data-widget_type=\"image.default\">\n\t\t\t\t<div class=\"elementor-widget-container\">\n\t\t\t\t\t\t\t\t<div class=\"elementor-image\">\n\t\t\t\t\t\t\t\t\t\t\t\t<img loading=\"lazy\" decoding=\"async\" width=\"270\" height=\"270\" src=\"https:\/\/demo.cms-werkstatt.eu\/wellness\/wp-content\/uploads\/sites\/5\/2019\/03\/team-circle-2.png\" class=\"attachment-full size-full\" alt=\"\" srcset=\"https:\/\/demo.cms-werkstatt.eu\/wellness\/wp-content\/uploads\/sites\/5\/2019\/03\/team-circle-2.png 270w, https:\/\/demo.cms-werkstatt.eu\/wellness\/wp-content\/uploads\/sites\/5\/2019\/03\/team-circle-2-150x150.png 150w\" sizes=\"auto, (max-width: 270px) 100vw, 270px\" \/>\t\t\t\t\t\t\t\t\t\t\t\t\t\t<\/div>\n\t\t\t\t\t\t<\/div>\n\t\t\t\t<\/div>\n\t\t\t\t<div class=\"elementor-element elementor-element-642a3413 elementor-widget elementor-widget-heading\" data-id=\"642a3413\" data-element_type=\"widget\" data-widget_type=\"heading.default\">\n\t\t\t\t<div class=\"elementor-widget-container\">\n\t\t\t<h3 class=\"elementor-heading-title elementor-size-default\"><a href=\"#\">Linda Crane<\/a><\/h3>\t\t<\/div>\n\t\t\t\t<\/div>\n\t\t\t\t<div class=\"elementor-element elementor-element-338f2a1 elementor-widget elementor-widget-text-editor\" data-id=\"338f2a1\" data-element_type=\"widget\" data-widget_type=\"text-editor.default\">\n\t\t\t\t<div class=\"elementor-widget-container\">\n\t\t\t\t\t\t\t\t<div class=\"elementor-text-editor elementor-clearfix\">\n\t\t\t\t<p style=\"text-align: center;\"><span style=\"font-weight: 400;\">Chiropraktikerin<\/span><\/p>\t\t\t\t\t<\/div>\n\t\t\t\t\t\t<\/div>\n\t\t\t\t<\/div>\n\t\t\t\t\t\t<\/div>\n\t\t\t\t\t<\/div>\n\t\t<\/div>\n\t\t\t\t<div class=\"elementor-column elementor-col-33 elementor-inner-column elementor-element elementor-element-55e82781 elementor-invisible\" data-id=\"55e82781\" data-element_type=\"column\" data-settings=\"{&quot;animation&quot;:&quot;fadeInRight&quot;,&quot;animation_delay&quot;:600}\">\n\t\t\t<div class=\"elementor-column-wrap elementor-element-populated\">\n\t\t\t\t\t\t\t<div class=\"elementor-widget-wrap\">\n\t\t\t\t\t\t<div class=\"elementor-element elementor-element-73a8637e elementor-widget elementor-widget-image\" data-id=\"73a8637e\" data-element_type=\"widget\" data-widget_type=\"image.default\">\n\t\t\t\t<div class=\"elementor-widget-container\">\n\t\t\t\t\t\t\t\t<div class=\"elementor-image\">\n\t\t\t\t\t\t\t\t\t\t\t\t<img loading=\"lazy\" decoding=\"async\" width=\"270\" height=\"270\" src=\"https:\/\/demo.cms-werkstatt.eu\/wellness\/wp-content\/uploads\/sites\/5\/2019\/03\/team-circle-3.png\" class=\"attachment-full size-full\" alt=\"\" srcset=\"https:\/\/demo.cms-werkstatt.eu\/wellness\/wp-content\/uploads\/sites\/5\/2019\/03\/team-circle-3.png 270w, https:\/\/demo.cms-werkstatt.eu\/wellness\/wp-content\/uploads\/sites\/5\/2019\/03\/team-circle-3-150x150.png 150w\" sizes=\"auto, (max-width: 270px) 100vw, 270px\" \/>\t\t\t\t\t\t\t\t\t\t\t\t\t\t<\/div>\n\t\t\t\t\t\t<\/div>\n\t\t\t\t<\/div>\n\t\t\t\t<div class=\"elementor-element elementor-element-369c5627 elementor-widget elementor-widget-heading\" data-id=\"369c5627\" data-element_type=\"widget\" data-widget_type=\"heading.default\">\n\t\t\t\t<div class=\"elementor-widget-container\">\n\t\t\t<h3 class=\"elementor-heading-title elementor-size-default\"><a href=\"#\">Shiela Santana<\/a><\/h3>\t\t<\/div>\n\t\t\t\t<\/div>\n\t\t\t\t<div class=\"elementor-element elementor-element-e55857e elementor-widget elementor-widget-text-editor\" data-id=\"e55857e\" data-element_type=\"widget\" data-widget_type=\"text-editor.default\">\n\t\t\t\t<div class=\"elementor-widget-container\">\n\t\t\t\t\t\t\t\t<div class=\"elementor-text-editor elementor-clearfix\">\n\t\t\t\t<p style=\"text-align: center;\">cosmetikerin<\/p>\t\t\t\t\t<\/div>\n\t\t\t\t\t\t<\/div>\n\t\t\t\t<\/div>\n\t\t\t\t\t\t<\/div>\n\t\t\t\t\t<\/div>\n\t\t<\/div>\n\t\t\t\t\t\t\t\t<\/div>\n\t\t\t\t\t<\/div>\n\t\t<\/section>\n\t\t\t\t\t\t<\/div>\n\t\t\t\t\t<\/div>\n\t\t<\/div>\n\t\t\t\t\t\t\t\t<\/div>\n\t\t\t\t\t<\/div>\n\t\t<\/section>\n\t\t\t\t<section class=\"elementor-section elementor-top-section elementor-element elementor-element-3fa05bfc elementor-section-boxed elementor-section-height-default elementor-section-height-default\" data-id=\"3fa05bfc\" data-element_type=\"section\">\n\t\t\t\t\t\t<div class=\"elementor-container elementor-column-gap-default\">\n\t\t\t\t\t\t\t<div class=\"elementor-row\">\n\t\t\t\t\t<div class=\"elementor-column elementor-col-100 elementor-top-column elementor-element elementor-element-3a25a599\" data-id=\"3a25a599\" data-element_type=\"column\">\n\t\t\t<div class=\"elementor-column-wrap elementor-element-populated\">\n\t\t\t\t\t\t\t<div class=\"elementor-widget-wrap\">\n\t\t\t\t\t\t<div class=\"elementor-element elementor-element-449cde86 elementor-widget elementor-widget-spacer\" data-id=\"449cde86\" data-element_type=\"widget\" data-widget_type=\"spacer.default\">\n\t\t\t\t<div class=\"elementor-widget-container\">\n\t\t\t\t\t<div class=\"elementor-spacer\">\n\t\t\t<div class=\"elementor-spacer-inner\"><\/div>\n\t\t<\/div>\n\t\t\t\t<\/div>\n\t\t\t\t<\/div>\n\t\t\t\t\t\t<\/div>\n\t\t\t\t\t<\/div>\n\t\t<\/div>\n\t\t\t\t\t\t\t\t<\/div>\n\t\t\t\t\t<\/div>\n\t\t<\/section>\n\t\t\t\t<section class=\"elementor-section elementor-top-section elementor-element elementor-element-1afda507 elementor-section-height-min-height elementor-section-boxed elementor-section-height-default elementor-section-items-middle\" data-id=\"1afda507\" data-element_type=\"section\" data-settings=\"{&quot;background_background&quot;:&quot;classic&quot;}\">\n\t\t\t\t\t\t<div class=\"elementor-container elementor-column-gap-default\">\n\t\t\t\t\t\t\t<div class=\"elementor-row\">\n\t\t\t\t\t<div class=\"elementor-column elementor-col-100 elementor-top-column elementor-element elementor-element-bd2fa2c\" data-id=\"bd2fa2c\" data-element_type=\"column\">\n\t\t\t<div class=\"elementor-column-wrap elementor-element-populated\">\n\t\t\t\t\t\t\t<div class=\"elementor-widget-wrap\">\n\t\t\t\t\t\t<div class=\"elementor-element elementor-element-314568e elementor-widget elementor-widget-heading\" data-id=\"314568e\" data-element_type=\"widget\" data-widget_type=\"heading.default\">\n\t\t\t\t<div class=\"elementor-widget-container\">\n\t\t\t<h2 class=\"elementor-heading-title elementor-size-default\">Wir freuen uns auf Sie!<\/h2>\t\t<\/div>\n\t\t\t\t<\/div>\n\t\t\t\t\t\t<\/div>\n\t\t\t\t\t<\/div>\n\t\t<\/div>\n\t\t\t\t\t\t\t\t<\/div>\n\t\t\t\t\t<\/div>\n\t\t<\/section>\n\t\t\t\t\t\t\t\t\t<\/div>\n\t\t\t<\/div>\n\t\t\t\t\t<\/div>\n\t\t","protected":false},"excerpt":{"rendered":"<p>Mehr \u00fcber uns Unsere Story Mit body &amp; soul haben wir einen Ort der v\u00f6lligen Entspannung geschaffen, um Ihnen die M\u00f6glichkeit zu geben den Alltag hinter sich zu lassen und einen Ort der Ruhe und Regeneration zu finden. Wir m\u00f6chten Ihrem Bed\u00fcrfnis nach Ruhe und Auszeit nachkommen und Ihnen diesen Ort des Verweilen und des &hellip;<\/p>\n<p class=\"read-more\"> <a class=\"\" href=\"https:\/\/demo.cms-werkstatt.eu\/wellness\/ueber-uns\/\"> <span class=\"screen-reader-text\">\u00dcber uns<\/span> Weiterlesen &raquo;<\/a><\/p>\n","protected":false},"author":1,"featured_media":0,"parent":0,"menu_order":0,"comment_status":"closed","ping_status":"closed","template":"","meta":{"site-sidebar-layout":"no-sidebar","site-content-layout":"page-builder","ast-global-header-display":"","ast-main-header-display":"","ast-hfb-above-header-display":"","ast-hfb-below-header-display":"","ast-hfb-mobile-header-display":"","site-post-title":"disabled","ast-breadcrumbs-content":"","ast-featured-img":"disabled","footer-sml-layout":"","theme-transparent-header-meta":"default","adv-header-id-meta":"","stick-header-meta":"","header-above-stick-meta":"","header-main-stick-meta":"","header-below-stick-meta":"","footnotes":""},"class_list":["post-108","page","type-page","status-publish","hentry"],"yoast_head":"<!-- This site is optimized with the Yoast SEO plugin v19.7.1 - https:\/\/yoast.com\/wordpress\/plugins\/seo\/ -->\n<title>\u00dcber uns - Wellness Template<\/title>\n<meta name=\"robots\" content=\"index, follow, max-snippet:-1, max-image-preview:large, max-video-preview:-1\" \/>\n<link rel=\"canonical\" href=\"https:\/\/demo.cms-werkstatt.eu\/wellness\/ueber-uns\/\" \/>\n<meta property=\"og:locale\" content=\"de_DE\" \/>\n<meta property=\"og:type\" content=\"article\" \/>\n<meta property=\"og:title\" content=\"\u00dcber uns - Wellness Template\" \/>\n<meta property=\"og:description\" content=\"Mehr \u00fcber uns Unsere Story Mit body &amp; soul haben wir einen Ort der v\u00f6lligen Entspannung geschaffen, um Ihnen die M\u00f6glichkeit zu geben den Alltag hinter sich zu lassen und einen Ort der Ruhe und Regeneration zu finden. Wir m\u00f6chten Ihrem Bed\u00fcrfnis nach Ruhe und Auszeit nachkommen und Ihnen diesen Ort des Verweilen und des &hellip; \u00dcber uns Weiterlesen &raquo;\" \/>\n<meta property=\"og:url\" content=\"https:\/\/demo.cms-werkstatt.eu\/wellness\/ueber-uns\/\" \/>\n<meta property=\"og:site_name\" content=\"Wellness Template\" \/>\n<meta property=\"article:modified_time\" content=\"2019-03-26T08:20:00+00:00\" \/>\n<meta property=\"og:image\" content=\"https:\/\/demo.cms-werkstatt.eu\/wp-content\/uploads\/sites\/5\/2019\/03\/team-circle-1.png\" \/>\n<meta name=\"twitter:card\" content=\"summary_large_image\" \/>\n<script type=\"application\/ld+json\" class=\"yoast-schema-graph\">{\"@context\":\"https:\/\/schema.org\",\"@graph\":[{\"@type\":\"WebPage\",\"@id\":\"https:\/\/demo.cms-werkstatt.eu\/wellness\/ueber-uns\/\",\"url\":\"https:\/\/demo.cms-werkstatt.eu\/wellness\/ueber-uns\/\",\"name\":\"\u00dcber uns - Wellness Template\",\"isPartOf\":{\"@id\":\"https:\/\/demo.cms-werkstatt.eu\/wellness\/#website\"},\"datePublished\":\"2019-03-18T11:40:54+00:00\",\"dateModified\":\"2019-03-26T08:20:00+00:00\",\"breadcrumb\":{\"@id\":\"https:\/\/demo.cms-werkstatt.eu\/wellness\/ueber-uns\/#breadcrumb\"},\"inLanguage\":\"de\",\"potentialAction\":[{\"@type\":\"ReadAction\",\"target\":[\"https:\/\/demo.cms-werkstatt.eu\/wellness\/ueber-uns\/\"]}]},{\"@type\":\"BreadcrumbList\",\"@id\":\"https:\/\/demo.cms-werkstatt.eu\/wellness\/ueber-uns\/#breadcrumb\",\"itemListElement\":[{\"@type\":\"ListItem\",\"position\":1,\"name\":\"Startseite\",\"item\":\"https:\/\/demo.cms-werkstatt.eu\/wellness\/\"},{\"@type\":\"ListItem\",\"position\":2,\"name\":\"\u00dcber uns\"}]},{\"@type\":\"WebSite\",\"@id\":\"https:\/\/demo.cms-werkstatt.eu\/wellness\/#website\",\"url\":\"https:\/\/demo.cms-werkstatt.eu\/wellness\/\",\"name\":\"Wellness Template\",\"description\":\"\",\"publisher\":{\"@id\":\"https:\/\/demo.cms-werkstatt.eu\/wellness\/#organization\"},\"potentialAction\":[{\"@type\":\"SearchAction\",\"target\":{\"@type\":\"EntryPoint\",\"urlTemplate\":\"https:\/\/demo.cms-werkstatt.eu\/wellness\/?s={search_term_string}\"},\"query-input\":\"required name=search_term_string\"}],\"inLanguage\":\"de\"},{\"@type\":\"Organization\",\"@id\":\"https:\/\/demo.cms-werkstatt.eu\/wellness\/#organization\",\"name\":\"Wellness Template\",\"url\":\"https:\/\/demo.cms-werkstatt.eu\/wellness\/\",\"sameAs\":[],\"logo\":{\"@type\":\"ImageObject\",\"inLanguage\":\"de\",\"@id\":\"https:\/\/demo.cms-werkstatt.eu\/wellness\/#\/schema\/logo\/image\/\",\"url\":\"https:\/\/demo.cms-werkstatt.eu\/wellness\/wp-content\/uploads\/sites\/5\/2019\/03\/Wellness.svg\",\"contentUrl\":\"https:\/\/demo.cms-werkstatt.eu\/wellness\/wp-content\/uploads\/sites\/5\/2019\/03\/Wellness.svg\",\"caption\":\"Wellness Template\"},\"image\":{\"@id\":\"https:\/\/demo.cms-werkstatt.eu\/wellness\/#\/schema\/logo\/image\/\"}}]}<\/script>\n<!-- \/ Yoast SEO plugin. -->","yoast_head_json":{"title":"\u00dcber uns - Wellness Template","robots":{"index":"index","follow":"follow","max-snippet":"max-snippet:-1","max-image-preview":"max-image-preview:large","max-video-preview":"max-video-preview:-1"},"canonical":"https:\/\/demo.cms-werkstatt.eu\/wellness\/ueber-uns\/","og_locale":"de_DE","og_type":"article","og_title":"\u00dcber uns - Wellness Template","og_description":"Mehr \u00fcber uns Unsere Story Mit body &amp; soul haben wir einen Ort der v\u00f6lligen Entspannung geschaffen, um Ihnen die M\u00f6glichkeit zu geben den Alltag hinter sich zu lassen und einen Ort der Ruhe und Regeneration zu finden. Wir m\u00f6chten Ihrem Bed\u00fcrfnis nach Ruhe und Auszeit nachkommen und Ihnen diesen Ort des Verweilen und des &hellip; \u00dcber uns Weiterlesen &raquo;","og_url":"https:\/\/demo.cms-werkstatt.eu\/wellness\/ueber-uns\/","og_site_name":"Wellness Template","article_modified_time":"2019-03-26T08:20:00+00:00","og_image":[{"url":"https:\/\/demo.cms-werkstatt.eu\/wp-content\/uploads\/sites\/5\/2019\/03\/team-circle-1.png"}],"twitter_card":"summary_large_image","schema":{"@context":"https:\/\/schema.org","@graph":[{"@type":"WebPage","@id":"https:\/\/demo.cms-werkstatt.eu\/wellness\/ueber-uns\/","url":"https:\/\/demo.cms-werkstatt.eu\/wellness\/ueber-uns\/","name":"\u00dcber uns - Wellness Template","isPartOf":{"@id":"https:\/\/demo.cms-werkstatt.eu\/wellness\/#website"},"datePublished":"2019-03-18T11:40:54+00:00","dateModified":"2019-03-26T08:20:00+00:00","breadcrumb":{"@id":"https:\/\/demo.cms-werkstatt.eu\/wellness\/ueber-uns\/#breadcrumb"},"inLanguage":"de","potentialAction":[{"@type":"ReadAction","target":["https:\/\/demo.cms-werkstatt.eu\/wellness\/ueber-uns\/"]}]},{"@type":"BreadcrumbList","@id":"https:\/\/demo.cms-werkstatt.eu\/wellness\/ueber-uns\/#breadcrumb","itemListElement":[{"@type":"ListItem","position":1,"name":"Startseite","item":"https:\/\/demo.cms-werkstatt.eu\/wellness\/"},{"@type":"ListItem","position":2,"name":"\u00dcber uns"}]},{"@type":"WebSite","@id":"https:\/\/demo.cms-werkstatt.eu\/wellness\/#website","url":"https:\/\/demo.cms-werkstatt.eu\/wellness\/","name":"Wellness Template","description":"","publisher":{"@id":"https:\/\/demo.cms-werkstatt.eu\/wellness\/#organization"},"potentialAction":[{"@type":"SearchAction","target":{"@type":"EntryPoint","urlTemplate":"https:\/\/demo.cms-werkstatt.eu\/wellness\/?s={search_term_string}"},"query-input":"required name=search_term_string"}],"inLanguage":"de"},{"@type":"Organization","@id":"https:\/\/demo.cms-werkstatt.eu\/wellness\/#organization","name":"Wellness Template","url":"https:\/\/demo.cms-werkstatt.eu\/wellness\/","sameAs":[],"logo":{"@type":"ImageObject","inLanguage":"de","@id":"https:\/\/demo.cms-werkstatt.eu\/wellness\/#\/schema\/logo\/image\/","url":"https:\/\/demo.cms-werkstatt.eu\/wellness\/wp-content\/uploads\/sites\/5\/2019\/03\/Wellness.svg","contentUrl":"https:\/\/demo.cms-werkstatt.eu\/wellness\/wp-content\/uploads\/sites\/5\/2019\/03\/Wellness.svg","caption":"Wellness Template"},"image":{"@id":"https:\/\/demo.cms-werkstatt.eu\/wellness\/#\/schema\/logo\/image\/"}}]}},"acf":[],"_links":{"self":[{"href":"https:\/\/demo.cms-werkstatt.eu\/wellness\/wp-json\/wp\/v2\/pages\/108","targetHints":{"allow":["GET"]}}],"collection":[{"href":"https:\/\/demo.cms-werkstatt.eu\/wellness\/wp-json\/wp\/v2\/pages"}],"about":[{"href":"https:\/\/demo.cms-werkstatt.eu\/wellness\/wp-json\/wp\/v2\/types\/page"}],"author":[{"embeddable":true,"href":"https:\/\/demo.cms-werkstatt.eu\/wellness\/wp-json\/wp\/v2\/users\/1"}],"replies":[{"embeddable":true,"href":"https:\/\/demo.cms-werkstatt.eu\/wellness\/wp-json\/wp\/v2\/comments?post=108"}],"version-history":[{"count":0,"href":"https:\/\/demo.cms-werkstatt.eu\/wellness\/wp-json\/wp\/v2\/pages\/108\/revisions"}],"wp:attachment":[{"href":"https:\/\/demo.cms-werkstatt.eu\/wellness\/wp-json\/wp\/v2\/media?parent=108"}],"curies":[{"name":"wp","href":"https:\/\/api.w.org\/{rel}","templated":true}]}}